{"id":22,"date":"2019-08-05T10:40:01","date_gmt":"2019-08-05T10:40:01","guid":{"rendered":"https:\/\/ripollabogados.com\/?page_id=22"},"modified":"2025-07-23T13:30:38","modified_gmt":"2025-07-23T11:30:38","slug":"sobre-nosotros","status":"publish","type":"page","link":"https:\/\/ripollabogados.com\/es\/sobre-nosotros\/","title":{"rendered":"Sobre nosotros"},"content":{"rendered":"<section class=\"section swatch-blue  section-text-no-shadow section-inner-no-shadow section-normal section-opaque\"  data-label=\"\">\n            <div class=\"background-media\" style=\"background-image: url('https:\/\/ripollabogados.com\/wp-content\/uploads\/2019\/08\/cabecera-pag-nosotros.jpg'); background-repeat:no-repeat; background-size:cover; background-attachment:no-scroll; background-position: 50% 0%;\" >\n                    <\/div>\n    \n    <div class=\"background-overlay grid-overlay-0 \" style=\"background-color: rgba(0,0,0,0);\"><\/div>\n\n    <div class=\"container\">\n        <div class=\"row vertical-middle\">\n            <div class=\"col-md-12     text-default small-screen-default\"  ><div class=\"divider-wrapper\" style=\"visibility:hidden;background-color:\">\n    <div class=\"visible-xs\" style=\"height:24px;\"><\/div>\n    <div class=\"visible-sm\" style=\"height:24px;\"><\/div>\n    <div class=\"visible-md\" style=\"height:96px;\"><\/div>\n    <div class=\"visible-lg\" style=\"height:96px;\"><\/div>\n<\/div><header class=\"text-default  element-no-top element-no-bottom not-condensed\" data-os-animation=\"none\" data-os-animation-delay=\"0s\" >\n    <h1 class=\"normal bold no-bordered-header bordered-normal\" >\n        SOBRE NOSOTROS    <\/h1>\n    <\/header>\n<div class=\"divider-wrapper\" style=\"visibility:hidden;background-color:\">\n    <div class=\"visible-xs\" style=\"height:24px;\"><\/div>\n    <div class=\"visible-sm\" style=\"height:24px;\"><\/div>\n    <div class=\"visible-md\" style=\"height:96px;\"><\/div>\n    <div class=\"visible-lg\" style=\"height:96px;\"><\/div>\n<\/div><\/div>        <\/div>\n    <\/div>\n<\/section>\n<section class=\"section swatch-white  section-text-no-shadow section-inner-no-shadow section-normal section-opaque\" id=\"migas\"  data-label=\"\">\n    \n    <div class=\"background-overlay grid-overlay-0 \" style=\"background-color: rgba(0,0,0,0);\"><\/div>\n\n    <div class=\"container\">\n        <div class=\"row vertical-top\">\n            <div class=\"col-md-12     text-default small-screen-default\"  ><div class=\" element-no-top element-no-bottom\" data-os-animation=\"none\" data-os-animation-delay=\"0s\">\n    <p><nav aria-label=\"breadcrumbs\">\n            <div class=\"breadcrumb-container theme1\">\n                <ol>\n                                    <\/ol>\n            <\/div>\n        <\/nav>    <script type=\"application\/ld+json\">\n        {\n            \"@context\": \"http:\/\/schema.org\",\n            \"@type\": \"BreadcrumbList\",\n            \"itemListElement\": [\n                            ]\n        }\n    <\/script>\n   \n    <script>\n            <\/script>\n<\/p>\n<\/div><\/div>        <\/div>\n    <\/div>\n<\/section>\n<section class=\"section swatch-white  section-text-no-shadow section-inner-no-shadow section-normal section-opaque\"  data-label=\"\">\n    \n    <div class=\"background-overlay grid-overlay-0 \" style=\"background-color: rgba(0,0,0,0);\"><\/div>\n\n    <div class=\"container\">\n        <div class=\"row vertical-top\">\n            <div class=\"col-md-3     text-default small-screen-default\"  ><div class=\"figure  element-short-top element-short-bottom image-filter-none image-filter-onhover fade-in text-center figcaption-middle normalwidth\" data-os-animation=\"none\" data-os-animation-delay=\"0s\">\n            <span class=\"figure-image\">\n    \n    <img decoding=\"async\" src=\"https:\/\/ripollabogados.com\/wp-content\/uploads\/2019\/08\/icono-ripoll-gris.png\"   class=\"normalwidth\" \/>    \n            <\/span>\n    \n<\/div><\/div><div class=\"col-md-9     text-default small-screen-default\"  ><header class=\"text-justify  element-short-top element-short-bottom not-condensed\" data-os-animation=\"none\" data-os-animation-delay=\"0s\" >\n    <h2 class=\"normal bold no-bordered-header bordered-normal\" >\n        Nos orgullece decir que la firma ha asesorado ciudadanos del Norte de Europa con intereses en Espa\u00f1a durante m\u00e1s de 40 a\u00f1os. Somos miembros del Colegio de Abogados de Madrid y Alicante.    <\/h2>\n    <\/header>\n<div class=\"justificar element-short-top element-normal-bottom\" data-os-animation=\"none\" data-os-animation-delay=\"0s\">\n    <p>La abogada, Alicia Miranda,\u00a0 es miembro de RIPOLL ABOGADOS desde 1995. Hoy cuenta con una experiencia dem\u00e1s de 25 a\u00f1os en asuntos con elemento extranjero.<\/p>\n<\/div><\/div>        <\/div>\n    <\/div>\n<\/section>\n<section class=\"section swatch-blue  section-text-no-shadow section-inner-no-shadow section-normal section-opaque\"  data-label=\"\">\n    \n    <div class=\"background-overlay grid-overlay-0 \" style=\"background-color: rgba(0,0,0,0);\"><\/div>\n\n    <div class=\"container\">\n        <div class=\"row vertical-top\">\n            <div class=\"col-md-12     text-center small-screen-default\"  ><div class=\" element-medium-top element-short-bottom\" data-os-animation=\"none\" data-os-animation-delay=\"0s\">\n    <h3>Si quieres conocer un poco m\u00e1s de su trayectoria profesional puedes leer el art\u00edculo de la revista AKTUELT SPANIA.<\/h3>\n<\/div><a href=\"https:\/\/www.aktueltspania.net\/aktuelt_post\/som-tiden-flyr\/\" class=\"btn btn-primary btn-lg boton-contactar  boton-contactar element-short-top element-short-bottom btn-custom\" target= \"_blank\" data-os-animation=\"none\" data-os-animation-delay=\"0s \" style=\"background:#2998cf !important; color:#ffffff !important;\" >\n\tAktuelt Spania \t<\/a>\n<div class=\" element-short-top element-medium-bottom\" data-os-animation=\"none\" data-os-animation-delay=\"0s\">\n    <p>Publicado en el mes de Abril de 2019<\/p>\n<\/div><\/div>        <\/div>\n    <\/div>\n<\/section>\n<section class=\"section swatch-white fondo-gris section-text-no-shadow section-inner-no-shadow section-normal section-opaque\"  data-label=\"\">\n    \n    <div class=\"background-overlay grid-overlay-0 \" style=\"background-color: ;\"><\/div>\n\n    <div class=\"container\">\n        <div class=\"row vertical-top\">\n            <div class=\"col-md-6     text-left small-screen-default\"  ><div class=\"divider-wrapper\" style=\"visibility:hidden;background-color:\">\n    <div class=\"visible-xs\" style=\"height:24px;\"><\/div>\n    <div class=\"visible-sm\" style=\"height:24px;\"><\/div>\n    <div class=\"visible-md\" style=\"height:24px;\"><\/div>\n    <div class=\"visible-lg\" style=\"height:24px;\"><\/div>\n<\/div><div class=\"justificar element-short-top element-medium-bottom\" data-os-animation=\"none\" data-os-animation-delay=\"0s\">\n    <p>Alicia Miranda comparte su d\u00eda a d\u00eda en el despacho con su colega Cloe Alcam\u00ed, quien adem\u00e1s de espa\u00f1ol e ingl\u00e9s, habla holand\u00e9s por su ascendencia materna.<\/p>\n<\/div><div class=\"divider-wrapper\" style=\"visibility:hidden;background-color:\">\n    <div class=\"visible-xs\" style=\"height:0px;\"><\/div>\n    <div class=\"visible-sm\" style=\"height:24px;\"><\/div>\n    <div class=\"visible-md\" style=\"height:24px;\"><\/div>\n    <div class=\"visible-lg\" style=\"height:24px;\"><\/div>\n<\/div><\/div><div class=\"col-md-6     text-default small-screen-default\"  ><div class=\"divider-wrapper\" style=\"visibility:hidden;background-color:\">\n    <div class=\"visible-xs\" style=\"height:24px;\"><\/div>\n    <div class=\"visible-sm\" style=\"height:24px;\"><\/div>\n    <div class=\"visible-md\" style=\"height:24px;\"><\/div>\n    <div class=\"visible-lg\" style=\"height:24px;\"><\/div>\n<\/div><div class=\"justificar element-short-top element-short-bottom\" data-os-animation=\"none\" data-os-animation-delay=\"0s\">\n    <p>Maria Samuelsen es nuestra secretaria, de nacionalidad noruega, que habla noruego por supuesto, su idioma materno, ingl\u00e9s, holand\u00e9s y espa\u00f1ol.Maria est\u00e1 siempre dispuesta a explicar a nuestros clientes c\u00f3mo funcionan las cosas en Espa\u00f1a.<\/p>\n<\/div><div class=\"divider-wrapper\" style=\"visibility:hidden;background-color:\">\n    <div class=\"visible-xs\" style=\"height:0px;\"><\/div>\n    <div class=\"visible-sm\" style=\"height:24px;\"><\/div>\n    <div class=\"visible-md\" style=\"height:24px;\"><\/div>\n    <div class=\"visible-lg\" style=\"height:24px;\"><\/div>\n<\/div><\/div>        <\/div>\n    <\/div>\n<\/section>\n<section class=\"section swatch-white  section-text-no-shadow section-inner-no-shadow section-normal section-opaque\"  data-label=\"\">\n    \n    <div class=\"background-overlay grid-overlay-0 \" style=\"background-color: rgba(0,0,0,0);\"><\/div>\n\n    <div class=\"container\">\n        <div class=\"row vertical-top\">\n            <div class=\"col-md-12     text-center small-screen-default\"  ><div class=\" element-medium-top element-no-bottom\" data-os-animation=\"none\" data-os-animation-delay=\"0s\">\n    <h2>Colaboramos con profesionales externos<\/h2>\n<\/div><div class=\"divider-wrapper\" style=\"visibility:hidden;background-color:\">\n    <div class=\"visible-xs\" style=\"height:10px;\"><\/div>\n    <div class=\"visible-sm\" style=\"height:10px;\"><\/div>\n    <div class=\"visible-md\" style=\"height:10px;\"><\/div>\n    <div class=\"visible-lg\" style=\"height:10px;\"><\/div>\n<\/div><div class=\" element-no-top element-medium-bottom\" data-os-animation=\"none\" data-os-animation-delay=\"0s\">\n    <h5>en las materias en las que no somos especialistas, siendo todos ellos de reconocida profesionalidad y experiencia.<\/h5>\n<\/div><\/div>        <\/div>\n    <\/div>\n<\/section>\n<section class=\"section swatch-white  section-text-no-shadow section-inner-no-shadow section-normal section-opaque\"  data-label=\"\">\n    \n    <div class=\"background-overlay grid-overlay-0 \" style=\"background-color: rgba(0,0,0,0);\"><\/div>\n\n    <div class=\"container\">\n        <div class=\"row vertical-top\">\n            <div class=\"col-md-3 col-xs-6 col-sm-6   text-center small-screen-default\"  ><div class=\"figure  element-short-top element-short-bottom image-filter-none image-filter-onhover fade-in text-center figcaption-middle normalwidth\" data-os-animation=\"none\" data-os-animation-delay=\"0s\">\n            <span class=\"figure-image\">\n    \n    <img decoding=\"async\" src=\"https:\/\/ripollabogados.com\/wp-content\/uploads\/2019\/08\/icono-responsabilidad.png\"   class=\"normalwidth\" \/>    \n            <\/span>\n    \n<\/div><div class=\"texto-bajo-icono element-no-top element-medium-bottom\" data-os-animation=\"none\" data-os-animation-delay=\"0s\">\n    <p>CONFIANZA<\/p>\n<\/div><\/div><div class=\"col-md-3 col-xs-6 col-sm-6   text-center small-screen-default\"  ><div class=\"figure  element-short-top element-short-bottom image-filter-none image-filter-onhover fade-in text-center figcaption-middle normalwidth\" data-os-animation=\"none\" data-os-animation-delay=\"0s\">\n            <span class=\"figure-image\">\n    \n    <img decoding=\"async\" src=\"https:\/\/ripollabogados.com\/wp-content\/uploads\/2019\/08\/icono-cualificacion.png\"   class=\"normalwidth\" \/>    \n            <\/span>\n    \n<\/div><div class=\"texto-bajo-icono element-no-top element-medium-bottom\" data-os-animation=\"none\" data-os-animation-delay=\"0s\">\n    <p>ALTA<br \/>\nCUALIFICACI\u00d3N<\/p>\n<\/div><div class=\"divider-wrapper\" style=\"visibility:hidden;background-color:\">\n    <div class=\"visible-xs\" style=\"height:24px;\"><\/div>\n    <div class=\"visible-sm\" style=\"height:24px;\"><\/div>\n    <div class=\"visible-md\" style=\"height:24px;\"><\/div>\n    <div class=\"visible-lg\" style=\"height:24px;\"><\/div>\n<\/div><\/div><div class=\"col-md-3 col-xs-6 col-sm-6   text-center small-screen-default\"  ><div class=\"figure  element-short-top element-short-bottom image-filter-none image-filter-onhover fade-in text-center figcaption-middle normalwidth\" data-os-animation=\"none\" data-os-animation-delay=\"0s\">\n            <span class=\"figure-image\">\n    \n    <img decoding=\"async\" src=\"https:\/\/ripollabogados.com\/wp-content\/uploads\/2019\/08\/icono-ayudar.png\"   class=\"normalwidth\" \/>    \n            <\/span>\n    \n<\/div><div class=\"texto-bajo-icono element-no-top element-medium-bottom\" data-os-animation=\"none\" data-os-animation-delay=\"0s\">\n    <p>TRABAJO DURO<\/p>\n<\/div><div class=\"divider-wrapper\" style=\"visibility:hidden;background-color:\">\n    <div class=\"visible-xs\" style=\"height:24px;\"><\/div>\n    <div class=\"visible-sm\" style=\"height:24px;\"><\/div>\n    <div class=\"visible-md\" style=\"height:24px;\"><\/div>\n    <div class=\"visible-lg\" style=\"height:24px;\"><\/div>\n<\/div><\/div><div class=\"col-md-3 col-xs-6 col-sm-6   text-center small-screen-default\"  ><div class=\"figure  element-short-top element-short-bottom image-filter-none image-filter-onhover fade-in text-center figcaption-middle normalwidth\" data-os-animation=\"none\" data-os-animation-delay=\"0s\">\n            <span class=\"figure-image\">\n    \n    <img decoding=\"async\" src=\"https:\/\/ripollabogados.com\/wp-content\/uploads\/2019\/08\/icono-entusiasmo.png\"   class=\"normalwidth\" \/>    \n            <\/span>\n    \n<\/div><div class=\"texto-bajo-icono element-no-top element-medium-bottom\" data-os-animation=\"none\" data-os-animation-delay=\"0s\">\n    <p>GRAN ENTUSIASMO<\/p>\n<\/div><\/div>        <\/div>\n    <\/div>\n<\/section>\n<section class=\"section swatch-swath-gris-oscuro  section-text-no-shadow section-inner-no-shadow section-normal section-opaque\"  data-label=\"\">\n    \n    <div class=\"background-overlay grid-overlay-0 \" style=\"background-color: rgba(0,0,0,0);\"><\/div>\n\n    <div class=\"container\">\n        <div class=\"row vertical-middle\">\n            <div class=\"col-md-9     text-left small-screen-center\"  ><header class=\"text-justify  element-normal-top element-normal-bottom not-condensed\" data-os-animation=\"none\" data-os-animation-delay=\"0s\" >\n    <h3 class=\"normal regular no-bordered-header bordered-normal\" >\n        Nuestras distintas nacionalidades y culturas as\u00ed como el conocimiento de idiomas, hace que nuestros clientes se sientan muy c\u00f3modos en su relaci\u00f3n con nosotros.    <\/h3>\n    <\/header>\n<\/div><div class=\"col-md-3     text-right small-screen-center\"  ><a href=\"https:\/\/ripollabogados.com\/es\/contacto\/\" class=\"btn btn-primary btn-lg boton-contactar  boton-contactar element-short-top element-short-bottom\" target= \"_self\" data-os-animation=\"none\" data-os-animation-delay=\"0s \"  >\n\tCONTACTAR \t<\/a>\n<\/div>        <\/div>\n    <\/div>\n<\/section>\n","protected":false},"excerpt":{"rendered":"SOBRE NOSOTROS Nos orgullece decir que la firma ha asesorado ciudadanos del Norte de Europa con intereses en Espa\u00f1a durante m\u00e1s de 40 a\u00f1os. Somos miembros del Colegio de Abogados de Madrid y Alicante. La abogada, Alicia Miranda,\u00a0 es miembro de RIPOLL ABOGADOS desde 1995. Hoy cuenta con una experiencia dem\u00e1s de 25 a\u00f1os en","protected":false},"author":1,"featured_media":0,"parent":0,"menu_order":0,"comment_status":"closed","ping_status":"closed","template":"","meta":{"footnotes":""},"class_list":["post-22","page","type-page","status-publish","hentry"],"_links":{"self":[{"href":"https:\/\/ripollabogados.com\/es\/wp-json\/wp\/v2\/pages\/22","targetHints":{"allow":["GET"]}}],"collection":[{"href":"https:\/\/ripollabogados.com\/es\/wp-json\/wp\/v2\/pages"}],"about":[{"href":"https:\/\/ripollabogados.com\/es\/wp-json\/wp\/v2\/types\/page"}],"author":[{"embeddable":true,"href":"https:\/\/ripollabogados.com\/es\/wp-json\/wp\/v2\/users\/1"}],"replies":[{"embeddable":true,"href":"https:\/\/ripollabogados.com\/es\/wp-json\/wp\/v2\/comments?post=22"}],"version-history":[{"count":40,"href":"https:\/\/ripollabogados.com\/es\/wp-json\/wp\/v2\/pages\/22\/revisions"}],"predecessor-version":[{"id":1311,"href":"https:\/\/ripollabogados.com\/es\/wp-json\/wp\/v2\/pages\/22\/revisions\/1311"}],"wp:attachment":[{"href":"https:\/\/ripollabogados.com\/es\/wp-json\/wp\/v2\/media?parent=22"}],"curies":[{"name":"wp","href":"https:\/\/api.w.org\/{rel}","templated":true}]}}