{"id":24,"date":"2019-08-05T10:40:36","date_gmt":"2019-08-05T10:40:36","guid":{"rendered":"https:\/\/ripollabogados.com\/?page_id=24"},"modified":"2019-11-20T12:43:28","modified_gmt":"2019-11-20T10:43:28","slug":"areas-de-actividad","status":"publish","type":"page","link":"https:\/\/ripollabogados.com\/es\/areas-de-actividad\/","title":{"rendered":"\u00c1reas de actividad"},"content":{"rendered":"<section class=\"section swatch-blue  section-text-no-shadow section-inner-no-shadow section-normal section-opaque\"  data-label=\"\">\n            <div class=\"background-media\" style=\"background-image: url('https:\/\/ripollabogados.com\/wp-content\/uploads\/2019\/08\/cabecera-pag-areas.jpg'); background-repeat:no-repeat; background-size:cover; background-attachment:no-scroll; background-position: 50% 0%;\" >\n                    <\/div>\n    \n    <div class=\"background-overlay grid-overlay-0 \" style=\"background-color: rgba(0,0,0,0);\"><\/div>\n\n    <div class=\"container\">\n        <div class=\"row vertical-middle\">\n            <div class=\"col-md-12     text-default small-screen-default\"  ><div class=\"divider-wrapper\" style=\"visibility:hidden;background-color:\">\n    <div class=\"visible-xs\" style=\"height:24px;\"><\/div>\n    <div class=\"visible-sm\" style=\"height:24px;\"><\/div>\n    <div class=\"visible-md\" style=\"height:96px;\"><\/div>\n    <div class=\"visible-lg\" style=\"height:96px;\"><\/div>\n<\/div><header class=\"text-default  element-no-top element-no-bottom not-condensed\" data-os-animation=\"none\" data-os-animation-delay=\"0s\" >\n    <h1 class=\"normal bold no-bordered-header bordered-normal\" >\n        \u00c1REAS DE<br \/>\nACTIVIDAD    <\/h1>\n    <\/header>\n<div class=\"divider-wrapper\" style=\"visibility:hidden;background-color:\">\n    <div class=\"visible-xs\" style=\"height:24px;\"><\/div>\n    <div class=\"visible-sm\" style=\"height:24px;\"><\/div>\n    <div class=\"visible-md\" style=\"height:96px;\"><\/div>\n    <div class=\"visible-lg\" style=\"height:96px;\"><\/div>\n<\/div><\/div>        <\/div>\n    <\/div>\n<\/section>\n<section class=\"section swatch-white  section-text-no-shadow section-inner-no-shadow section-normal section-opaque\" id=\"migas\"  data-label=\"\">\n    \n    <div class=\"background-overlay grid-overlay-0 \" style=\"background-color: rgba(0,0,0,0);\"><\/div>\n\n    <div class=\"container\">\n        <div class=\"row vertical-top\">\n            <div class=\"col-md-12     text-default small-screen-default\"  ><div class=\" element-no-top element-no-bottom\" data-os-animation=\"none\" data-os-animation-delay=\"0s\">\n    <p><nav aria-label=\"breadcrumbs\">\n            <div class=\"breadcrumb-container theme1\">\n                <ol>\n                                    <\/ol>\n            <\/div>\n        <\/nav>    <script type=\"application\/ld+json\">\n        {\n            \"@context\": \"http:\/\/schema.org\",\n            \"@type\": \"BreadcrumbList\",\n            \"itemListElement\": [\n                            ]\n        }\n    <\/script>\n   \n    <script>\n            <\/script>\n<\/p>\n<\/div><\/div>        <\/div>\n    <\/div>\n<\/section>\n<section class=\"section swatch-blue  section-text-no-shadow section-inner-no-shadow section-normal section-opaque\" id=\"inmobiliario\"  data-label=\"\">\n    \n    <div class=\"background-overlay grid-overlay-0 \" style=\"background-color: rgba(0,0,0,0);\"><\/div>\n\n    <div class=\"container\">\n        <div class=\"row vertical-top\">\n            <div class=\"col-md-6     text-default small-screen-default\"  ><\/div><div class=\"col-md-6    margen-izquierdo text-default small-screen-default\"  ><header class=\"text-default  element-medium-top element-short-bottom not-condensed\" data-os-animation=\"none\" data-os-animation-delay=\"0s\" >\n    <h2 class=\"normal bold no-bordered-header bordered-normal\" >\n        \/ COMPRAVENTA DE INMUEBLES EN ESPA\u00d1A Y SUS CONSECUENCIAS    <\/h2>\n    <\/header>\n<div class=\"justificar element-no-top element-medium-bottom\" data-os-animation=\"none\" data-os-animation-delay=\"0s\">\n    <p>La asistencia de un abogado al comprar o vender una vivienda en Espa\u00f1a es muy aconsejable. La compra de una vivienda con los ahorros de toda una vida merece la peque\u00f1a inversi\u00f3n que supone el asesoramiento de un abogado. Podemos representarle en la transacci\u00f3n para que no tenga que desplazarse a Espa\u00f1a, pagaremos los impuestos inherentes a la transacci\u00f3n si as\u00ed lo desea y garantizaremos que la propiedad que adquiere no tenga ninguna carga que suponga un mayor coste en el futuro o la reducci\u00f3n del valor del inmueble.<\/p>\n<p>La mayor\u00eda de los problemas que surgen en la compra de inmuebles en Espa\u00f1a se deben a la falta de control previo por parte del profesional adecuado, de que se cumplen todas las garant\u00edas, antes de firmar el contrato previo a la definitiva transmisi\u00f3n del inmueble.<\/p>\n<p>Todos los abogados en ejercicio en Espa\u00f1a est\u00e1n obligados a pertenecer al Colegio de Abogados y tienen una P\u00f3liza de Responsabilidad Civil por este hecho.<\/p>\n<p>Si necesita que le ayudemos a encontrar un inmueble o un comprador para el suyo, colaboramos en Costa Blanca Sur, con <a href=\"https:\/\/dinbolig.com\/\" target=\"_blank\" rel=\"noopener noreferrer\">www.dinbolig.com<\/a>, con m\u00e1s de 30 a\u00f1os de experiencia en la zona y, en Costa Blanca Norte con <a href=\"https:\/\/www.dinhjelper.com\/\" target=\"_blank\" rel=\"noopener noreferrer\">www.dinhjelper.com<\/a> y <a href=\"http:\/\/www.lovaseiendom.es\/\" target=\"_blank\" rel=\"noopener noreferrer\">www.lovaseiendom.es<\/a> que estar\u00e1n dispuestos a encontrar el inmueble que mejor se adapte a sus necesidades, o a un comprador para su vivienda.<\/p>\n<\/div><\/div>        <\/div>\n    <\/div>\n<\/section>\n<section class=\"section swatch-white  section-text-no-shadow section-inner-no-shadow section-normal section-opaque\" id=\"alquiler\"  data-label=\"\">\n    \n    <div class=\"background-overlay grid-overlay-0 \" style=\"background-color: rgba(0,0,0,0);\"><\/div>\n\n    <div class=\"container\">\n        <div class=\"row vertical-top\">\n            <div class=\"col-md-6    margen-derecho text-default small-screen-default\"  ><header class=\"text-default  element-medium-top element-short-bottom not-condensed\" data-os-animation=\"none\" data-os-animation-delay=\"0s\" >\n    <h2 class=\"normal bold no-bordered-header bordered-normal\"style=\"color:#2998cf;\" >\n        \/ ALQUILER    <\/h2>\n    <\/header>\n<div class=\"justificar element-no-top element-medium-bottom\" data-os-animation=\"none\" data-os-animation-delay=\"0s\">\n    <p>El conocimiento de la normativa sobre alquileres no es sencilla y puede evitarte pr\u00f3rrogas obligatorias no deseadas adem\u00e1s del cumplimiento de tus obligaciones con la administraci\u00f3n.<\/p>\n<\/div><\/div><div class=\"col-md-6     text-default small-screen-default\"  ><\/div>        <\/div>\n    <\/div>\n<\/section>\n<section class=\"section swatch-blue  section-text-no-shadow section-inner-no-shadow section-normal section-opaque\" id=\"impuestos\"  data-label=\"\">\n    \n    <div class=\"background-overlay grid-overlay-0 \" style=\"background-color: rgba(0,0,0,0);\"><\/div>\n\n    <div class=\"container\">\n        <div class=\"row vertical-top\">\n            <div class=\"col-md-6     text-default small-screen-default\"  ><\/div><div class=\"col-md-6    margen-izquierdo text-default small-screen-default\"  ><header class=\"text-default  element-medium-top element-short-bottom not-condensed\" data-os-animation=\"none\" data-os-animation-delay=\"0s\" >\n    <h2 class=\"normal bold no-bordered-header bordered-normal\" >\n        \/ IMPUESTOS    <\/h2>\n    <\/header>\n<div class=\"justificar element-no-top element-medium-bottom\" data-os-animation=\"none\" data-os-animation-delay=\"0s\">\n    <p>La orientaci\u00f3n de un profesional especializado para cumplir con sus obligaciones fiscales es esencial para beneficiarse de las bonificaciones. La planificaci\u00f3n de cualquier transacci\u00f3n, bien sea por compra, bien por herencia puede ahorrarle mucho dinero, problemas con la administraci\u00f3n y sobresaltos no deseables.<\/p>\n<\/div><\/div>        <\/div>\n    <\/div>\n<\/section>\n<section class=\"section swatch-white  section-text-no-shadow section-inner-no-shadow section-normal section-opaque\" id=\"herencias\"  data-label=\"\">\n    \n    <div class=\"background-overlay grid-overlay-0 \" style=\"background-color: rgba(0,0,0,0);\"><\/div>\n\n    <div class=\"container\">\n        <div class=\"row vertical-top\">\n            <div class=\"col-md-6    margen-derecho text-default small-screen-default\"  ><header class=\"text-default  element-medium-top element-short-bottom not-condensed\" data-os-animation=\"none\" data-os-animation-delay=\"0s\" >\n    <h2 class=\"normal bold no-bordered-header bordered-normal\"style=\"color:#2998cf;\" >\n        \/ HERENCIAS &#8211; TESTAMENTOS &#8211; USKIFTE    <\/h2>\n    <\/header>\n<div class=\"justificar element-no-top element-medium-bottom\" data-os-animation=\"none\" data-os-animation-delay=\"0s\">\n    <p>El procedimiento para inscribir a nombre del heredero los bienes que el fallecido ten\u00eda en Espa\u00f1a no es sencillo, cuando el difunto o los herederos no son de nacionalidad espa\u00f1ola.<\/p>\n<p>El conocimiento de la legislaci\u00f3n espa\u00f1ola y la de los pa\u00edses de nuestros clientes, as\u00ed como nuestra experiencia de m\u00e1s de 40 a\u00f1os hace que nos consideremos especialistas en este campo.<\/p>\n<p>No dude en consultar con nosotros sin coste alguno, la informaci\u00f3n general que necesite para poner los bienes a su nombre y pagar los impuestos correspondientes para que pueda disfrutar o vender las propiedades en Espa\u00f1a f\u00e1cilmente.<\/p>\n<\/div><\/div><div class=\"col-md-6     text-default small-screen-default\"  ><\/div>        <\/div>\n    <\/div>\n<\/section>\n<section class=\"section swatch-blue  section-text-no-shadow section-inner-no-shadow section-normal section-opaque\" id=\"conflictos\"  data-label=\"\">\n    \n    <div class=\"background-overlay grid-overlay-0 \" style=\"background-color: rgba(0,0,0,0);\"><\/div>\n\n    <div class=\"container\">\n        <div class=\"row vertical-top\">\n            <div class=\"col-md-6     text-default small-screen-default\"  ><\/div><div class=\"col-md-6    margen-izquierdo text-default small-screen-default\"  ><header class=\"text-default  element-medium-top element-short-bottom not-condensed\" data-os-animation=\"none\" data-os-animation-delay=\"0s\" >\n    <h2 class=\"normal bold no-bordered-header bordered-normal\" >\n        \/ RESOLUCI\u00d3N DE CONFLICTOS \u2013 GARANT\u00cdAS EN LA COMPRA DE UN INMUEBLE    <\/h2>\n    <\/header>\n<div class=\"justificar element-no-top element-medium-bottom\" data-os-animation=\"none\" data-os-animation-delay=\"0s\">\n    <p>La compra de una vivienda en construcci\u00f3n requiere la aportaci\u00f3n de garant\u00edas para el caso de que la vivienda no llegue a entregarse o, su terminaci\u00f3n se prolongue a consecuencia de una crisis econ\u00f3mica.<\/p>\n<p>Es necesario examinar, antes de la firma de un contrato de compraventa, que se cumplen todas las garant\u00edas.<\/p>\n<p>Nuestra experiencia es que el control previo de toda la documentaci\u00f3n por parte de un abogado le evitar\u00e1 problemas graves en un futuro.<\/p>\n<p>En caso de que ya haya firmado un contrato y pagado un dep\u00f3sito antes de que el comprador le haya entregado la vivienda, podemos ayudarle a recuperar su dinero.<\/p>\n<p>La resoluci\u00f3n de conflictos durante todos estos a\u00f1os nos ha convertido en especialistas en la reclamaci\u00f3n del dinero entregado al vendedor antes de recibir de la vivienda.<\/p>\n<\/div><\/div>        <\/div>\n    <\/div>\n<\/section>\n<section class=\"section swatch-white  section-text-no-shadow section-inner-no-shadow section-normal section-opaque\" id=\"societario\"  data-label=\"\">\n    \n    <div class=\"background-overlay grid-overlay-0 \" style=\"background-color: rgba(0,0,0,0);\"><\/div>\n\n    <div class=\"container\">\n        <div class=\"row vertical-top\">\n            <div class=\"col-md-6    margen-derecho text-default small-screen-default\"  ><header class=\"text-default  element-medium-top element-short-bottom not-condensed\" data-os-animation=\"none\" data-os-animation-delay=\"0s\" >\n    <h2 class=\"normal bold no-bordered-header bordered-normal\"style=\"color:#2998cf;\" >\n        \/ DERECHO SOCIETARIO    <\/h2>\n    <\/header>\n<div class=\"justificar element-no-top element-medium-bottom\" data-os-animation=\"none\" data-os-animation-delay=\"0s\">\n    <p>Podemos ayudarte en el asesoramiento sobre la necesidad de constituir o no una sociedad o asociaci\u00f3n en Espa\u00f1a, bien sea para la compra de un inmueble, bien sea para cualquier otro fin.<\/p>\n<p>Le asistiremos en todos los tr\u00e1mites y relaciones con la administraci\u00f3n, el pago de impuestos y las obligaciones formales que conlleva.<\/p>\n<p>Con nosotros obtendr\u00e1s asistencia experta.<\/p>\n<\/div><\/div><div class=\"col-md-6     text-default small-screen-default\"  ><\/div>        <\/div>\n    <\/div>\n<\/section>\n<section class=\"section swatch-blue  section-text-no-shadow section-inner-no-shadow section-normal section-opaque\" id=\"internacional\"  data-label=\"\">\n    \n    <div class=\"background-overlay grid-overlay-0 \" style=\"background-color: rgba(0,0,0,0);\"><\/div>\n\n    <div class=\"container\">\n        <div class=\"row vertical-top\">\n            <div class=\"col-md-6     text-default small-screen-default\"  ><\/div><div class=\"col-md-6    margen-izquierdo text-default small-screen-default\"  ><header class=\"text-default  element-medium-top element-short-bottom not-condensed\" data-os-animation=\"none\" data-os-animation-delay=\"0s\" >\n    <h2 class=\"normal bold no-bordered-header bordered-normal\" >\n        \/ DERECHO INTERNACIONAL PRIVADO    <\/h2>\n    <\/header>\n<div class=\"justificar element-no-top element-medium-bottom\" data-os-animation=\"none\" data-os-animation-delay=\"0s\">\n    <p>Todos nuestros asuntos tienen un componente internacional por lo que nos consideramos especialistas en la asistencia y orientaci\u00f3n de asuntos con elemento extranjero. Si no es as\u00ed, te informaremos desde el primer instante.<\/p>\n<\/div><\/div>        <\/div>\n    <\/div>\n<\/section>\n<section class=\"section swatch-swath-gris-oscuro  section-text-no-shadow section-inner-no-shadow section-normal section-opaque\"  data-label=\"\">\n    \n    <div class=\"background-overlay grid-overlay-0 \" style=\"background-color: rgba(0,0,0,0);\"><\/div>\n\n    <div class=\"container\">\n        <div class=\"row vertical-middle\">\n            <div class=\"col-md-9     text-left small-screen-center\"  ><div class=\" element-normal-top element-normal-bottom\" data-os-animation=\"none\" data-os-animation-delay=\"0s\">\n    <h3>Puedes contactar con nosotros en noruego,<br \/>\nsueco, dan\u00e9s, ingl\u00e9s, holand\u00e9s y espa\u00f1ol.<\/h3>\n<\/div><\/div><div class=\"col-md-3     text-right small-screen-center\"  ><a href=\"https:\/\/ripollabogados.com\/es\/contacto\/\" class=\"btn btn-primary btn-lg boton-contactar  boton-contactar element-short-top element-short-bottom\" target= \"_self\" data-os-animation=\"none\" data-os-animation-delay=\"0s \"  >\n\tCONTACTAR \t<\/a>\n<\/div>        <\/div>\n    <\/div>\n<\/section>\n<section class=\"section swatch-white  section-text-no-shadow section-inner-no-shadow section-normal section-opaque\" id=\"mapa\"  data-label=\"\">\n    \n    <div class=\"background-overlay grid-overlay-0 \" style=\"background-color: rgba(0,0,0,0);\"><\/div>\n\n    <div class=\"container-fullwidth\">\n        <div class=\"row vertical-top\">\n            <div class=\"col-md-12     text-default small-screen-default\"  ><div class=\" element-no-top element-no-bottom\" data-os-animation=\"none\" data-os-animation-delay=\"0s\">\n    <p><style type=\"text\/css\" id=\"umsMapStyles_1_12406\">\r\n    #ultimate_maps_1_12406 {\r\n        width: 100%;\r\n        height: 500px;\r\n                border: 0px solid ;\r\n        margin: 0px;\r\n    }\r\n    #mapsControlsNum_1_12406 {\r\n        width:100%    }\r\n    .umsMapDetailsContainer#umsMapDetailsContainer_1_12406 {\r\n        height:500px;\r\n    }\r\n    .ums_MapPreview#ultimate_maps_1_12406 {\r\n        \/*position:absolute;*\/\r\n        width:100%;\r\n    }\r\n    #mapConElem_1_12406{\r\n        width:100%    }\r\n    <\/style><div class=\"ums_map_opts\" id=\"mapConElem_1_12406\" data-id=\"1\" data-view-id=\"1_12406\" > <div class=\"umsMapDetailsContainer\" id=\"umsMapDetailsContainer_1_12406\"> <i class=\"umsKMLLayersPreloader fa fa-spinner fa-spin\" aria-hidden=\"true\" style=\"display: none;\"><\/i> <div class=\"ums_MapPreview \" id=\"ultimate_maps_1_12406\"><\/div> <\/div> <div class=\"umsMapMarkerFilters\" id=\"umsMapMarkerFilters_1_12406\"> <\/div> <div class=\"umsMapProControlsCon\" id=\"umsMapProControlsCon_1_12406\"> <a title=\"WordPress Map Plugin\" style=\"display:none;\" href=\"https:\/\/supsystic.com\/plugins\/google-maps-plugin\/?utm_medium=love_link_hide\" target=\"_blank\">WordPress Map Plugin<\/a><div style=\"clear: both;\"><\/div> <\/div> <div class=\"umsMapProDirectionsCon\" id=\"umsMapProDirectionsCon_1_12406\" > <\/div> <div class=\"umsMapProKmlFilterCon\" id=\"umsMapProKmlFilterCon_1_12406\" > <\/div> <div class=\"umsSocialSharingShell umsSocialSharingShell_1_12406\"> <\/div> <div style=\"clear: both;\"><\/div> <\/div>\n<\/div><\/div>        <\/div>\n    <\/div>\n<\/section>\n","protected":false},"excerpt":{"rendered":"\u00c1REAS DE ACTIVIDAD \/ COMPRAVENTA DE INMUEBLES EN ESPA\u00d1A Y SUS CONSECUENCIAS La asistencia de un abogado al comprar o vender una vivienda en Espa\u00f1a es muy aconsejable. La compra de una vivienda con los ahorros de toda una vida merece la peque\u00f1a inversi\u00f3n que supone el asesoramiento de un abogado. Podemos representarle en la","protected":false},"author":1,"featured_media":0,"parent":0,"menu_order":0,"comment_status":"closed","ping_status":"closed","template":"","meta":{"footnotes":""},"class_list":["post-24","page","type-page","status-publish","hentry"],"_links":{"self":[{"href":"https:\/\/ripollabogados.com\/es\/wp-json\/wp\/v2\/pages\/24","targetHints":{"allow":["GET"]}}],"collection":[{"href":"https:\/\/ripollabogados.com\/es\/wp-json\/wp\/v2\/pages"}],"about":[{"href":"https:\/\/ripollabogados.com\/es\/wp-json\/wp\/v2\/types\/page"}],"author":[{"embeddable":true,"href":"https:\/\/ripollabogados.com\/es\/wp-json\/wp\/v2\/users\/1"}],"replies":[{"embeddable":true,"href":"https:\/\/ripollabogados.com\/es\/wp-json\/wp\/v2\/comments?post=24"}],"version-history":[{"count":31,"href":"https:\/\/ripollabogados.com\/es\/wp-json\/wp\/v2\/pages\/24\/revisions"}],"predecessor-version":[{"id":675,"href":"https:\/\/ripollabogados.com\/es\/wp-json\/wp\/v2\/pages\/24\/revisions\/675"}],"wp:attachment":[{"href":"https:\/\/ripollabogados.com\/es\/wp-json\/wp\/v2\/media?parent=24"}],"curies":[{"name":"wp","href":"https:\/\/api.w.org\/{rel}","templated":true}]}}