{"id":28,"date":"2019-08-05T10:41:24","date_gmt":"2019-08-05T10:41:24","guid":{"rendered":"https:\/\/ripollabogados.com\/?page_id=28"},"modified":"2024-04-19T11:20:23","modified_gmt":"2024-04-19T09:20:23","slug":"contacto","status":"publish","type":"page","link":"https:\/\/ripollabogados.com\/es\/contacto\/","title":{"rendered":"Contacto"},"content":{"rendered":"<section class=\"section swatch-white  section-text-no-shadow section-inner-no-shadow section-normal section-opaque\" id=\"migas\"  data-label=\"\">\n    \n    <div class=\"background-overlay grid-overlay-0 \" style=\"background-color: rgba(0,0,0,0);\"><\/div>\n\n    <div class=\"container\">\n        <div class=\"row vertical-top\">\n            <div class=\"col-md-12     text-default small-screen-default\"  ><div class=\" element-no-top element-no-bottom\" data-os-animation=\"none\" data-os-animation-delay=\"0s\">\n    <p><nav aria-label=\"breadcrumbs\">\n            <div class=\"breadcrumb-container theme1\">\n                <ol>\n                                    <\/ol>\n            <\/div>\n        <\/nav>    <script type=\"application\/ld+json\">\n        {\n            \"@context\": \"http:\/\/schema.org\",\n            \"@type\": \"BreadcrumbList\",\n            \"itemListElement\": [\n                            ]\n        }\n    <\/script>\n   \n    <script>\n            <\/script>\n<\/p>\n<\/div><\/div>        <\/div>\n    <\/div>\n<\/section>\n<section class=\"section swatch-white  section-text-no-shadow section-inner-no-shadow section-normal section-opaque\" id=\"contactar-cabecera\"  data-label=\"\">\n    \n    <div class=\"background-overlay grid-overlay-0 \" style=\"background-color: rgba(0,0,0,0);\"><\/div>\n\n    <div class=\"container\">\n        <div class=\"row vertical-top\">\n            <div class=\"col-md-2     text-center small-screen-default\"  ><div class=\"figure  element-short-top element-short-bottom image-filter-none image-filter-onhover fade-in text-center figcaption-middle normalwidth\" data-os-animation=\"none\" data-os-animation-delay=\"0s\">\n            <span class=\"figure-image\">\n    \n    <img decoding=\"async\" src=\"https:\/\/ripollabogados.com\/wp-content\/uploads\/2019\/08\/icono-ripoll-gris.png\"   class=\"normalwidth\" \/>    \n            <\/span>\n    \n<\/div><\/div><div class=\"col-md-3     text-default small-screen-default\"  ><\/div><div class=\"col-md-7     text-default small-screen-default\"  ><header class=\"text-default  element-short-top element-short-bottom not-condensed\" data-os-animation=\"none\" data-os-animation-delay=\"0s\" >\n    <h1 class=\"normal bold no-bordered-header bordered-normal\" >\n        CONTACTAR CON NUESTRO BUFETE DE ABOGADOS    <\/h1>\n    <\/header>\n<header class=\"text-left  element-no-top element-short-bottom not-condensed\" data-os-animation=\"none\" data-os-animation-delay=\"0s\" >\n    <h4 class=\"normal regular no-bordered-header bordered-normal\" >\n        Puedes escribirnos en noruego, sueco, dan\u00e9s, ingl\u00e9s, holand\u00e9s y espa\u00f1ol.     <\/h4>\n    <\/header>\n<div class=\"divider-wrapper\" style=\"visibility:hidden;background-color:\">\n    <div class=\"visible-xs\" style=\"height:0px;\"><\/div>\n    <div class=\"visible-sm\" style=\"height:0px;\"><\/div>\n    <div class=\"visible-md\" style=\"height:10px;\"><\/div>\n    <div class=\"visible-lg\" style=\"height:10px;\"><\/div>\n<\/div><\/div>        <\/div>\n    <\/div>\n<\/section>\n<section class=\"section swatch-white fondo-gris section-text-no-shadow section-inner-no-shadow section-normal section-opaque\"  data-label=\"\">\n    \n    <div class=\"background-overlay grid-overlay-0 \" style=\"background-color: ;\"><\/div>\n\n    <div class=\"container\">\n        <div class=\"row vertical-top\">\n            <div class=\"col-md-2     text-center small-screen-default\"  ><\/div><div class=\"col-md-3     text-default small-screen-default\"  ><\/div><div class=\"col-md-7     text-default small-screen-default\"  ><div class=\"divider-wrapper\" style=\"visibility:hidden;background-color:\">\n    <div class=\"visible-xs\" style=\"height:0px;\"><\/div>\n    <div class=\"visible-sm\" style=\"height:0px;\"><\/div>\n    <div class=\"visible-md\" style=\"height:10px;\"><\/div>\n    <div class=\"visible-lg\" style=\"height:10px;\"><\/div>\n<\/div><div class=\"arriba-del-todo element-short-top element-short-bottom\" data-os-animation=\"none\" data-os-animation-delay=\"0s\">\n    <p><i class=\"fa fa-map-marker\"><\/i>\u00a0\u00a0\u00a0 Calle Manises, 18 \/\/ Urb. Alfaz del Sol, LOC-4 \/\/ 03580 L\u2019Alf\u00e0s del Pi &#8211; Alicante<\/p>\n<p><i class=\"fa fa-phone\"><\/i>\u00a0\u00a0\u00a0 +34 965 855 950<\/p>\n<p><i class=\"fa fa-envelope-o\"><\/i>\u00a0\u00a0\u00a0 info@ripollabogados.com<\/p>\n<\/div><div class=\"divider-wrapper\" style=\"visibility:hidden;background-color:\">\n    <div class=\"visible-xs\" style=\"height:0px;\"><\/div>\n    <div class=\"visible-sm\" style=\"height:0px;\"><\/div>\n    <div class=\"visible-md\" style=\"height:10px;\"><\/div>\n    <div class=\"visible-lg\" style=\"height:10px;\"><\/div>\n<\/div><\/div>        <\/div>\n    <\/div>\n<\/section>\n<section class=\"section swatch-white ocultar-en-movil section-text-no-shadow section-inner-no-shadow section-normal section-opaque\" id=\"banda-azul\"  data-label=\"\">\n    \n    <div class=\"background-overlay grid-overlay-0 \" style=\"background-color: rgba(0,0,0,0);\"><\/div>\n\n    <div class=\"container\">\n        <div class=\"row vertical-top\">\n            <div class=\"col-md-1     text-default small-screen-default\"  ><\/div><div class=\"col-md-4     text-center small-screen-default\"  ><div class=\"figure  element-normal-top element-short-bottom image-filter-none image-filter-onhover fade-in text-center figcaption-middle normalwidth\" data-os-animation=\"none\" data-os-animation-delay=\"0s\">\n            <span class=\"figure-image\">\n    \n    <img decoding=\"async\" src=\"https:\/\/ripollabogados.com\/wp-content\/uploads\/2019\/08\/banda-azul.png\"   class=\"normalwidth\" \/>    \n            <\/span>\n    \n<\/div><\/div><div class=\"col-md-7     text-default small-screen-default\"  ><\/div>        <\/div>\n    <\/div>\n<\/section>\n<section class=\"section swatch-white  section-text-no-shadow section-inner-no-shadow section-normal section-opaque\" id=\"contacto\"  data-label=\"\">\n    \n    <div class=\"background-overlay grid-overlay-0 \" style=\"background-color: rgba(0,0,0,0);\"><\/div>\n\n    <div class=\"container\">\n        <div class=\"row vertical-top\">\n            <div class=\"col-md-2     text-default small-screen-default\"  ><\/div><div class=\"col-md-8     text-center small-screen-default\"  ><div class=\" element-medium-top element-medium-bottom\" data-os-animation=\"none\" data-os-animation-delay=\"0s\">\n    <h2>Dinos qu\u00e9 informaci\u00f3n necesitas y te responderemos gratuitamente a tu primera consulta.<\/h2>\n<\/div><p class=\"wpcf7-contact-form-not-found\"><strong>Error:<\/strong> Formulario de contacto no encontrado.<\/p><div class=\"divider-wrapper\" style=\"visibility:hidden;background-color:\">\n    <div class=\"visible-xs\" style=\"height:24px;\"><\/div>\n    <div class=\"visible-sm\" style=\"height:24px;\"><\/div>\n    <div class=\"visible-md\" style=\"height:72px;\"><\/div>\n    <div class=\"visible-lg\" style=\"height:72px;\"><\/div>\n<\/div><\/div><div class=\"col-md-2     text-default small-screen-default\"  ><\/div>        <\/div>\n    <\/div>\n<\/section>\n<section class=\"section swatch-white  section-text-no-shadow section-inner-no-shadow section-normal section-opaque\" id=\"mapa\"  data-label=\"\">\n    \n    <div class=\"background-overlay grid-overlay-0 \" style=\"background-color: rgba(0,0,0,0);\"><\/div>\n\n    <div class=\"container-fullwidth\">\n        <div class=\"row vertical-top\">\n            <div class=\"col-md-12     text-default small-screen-default\"  ><div class=\" element-no-top element-no-bottom\" data-os-animation=\"none\" data-os-animation-delay=\"0s\">\n    <p><style type=\"text\/css\" id=\"umsMapStyles_1_19243\">\r\n    #ultimate_maps_1_19243 {\r\n        width: 100%;\r\n        height: 500px;\r\n                border: 0px solid ;\r\n        margin: 0px;\r\n    }\r\n    #mapsControlsNum_1_19243 {\r\n        width:100%    }\r\n    .umsMapDetailsContainer#umsMapDetailsContainer_1_19243 {\r\n        height:500px;\r\n    }\r\n    .ums_MapPreview#ultimate_maps_1_19243 {\r\n        \/*position:absolute;*\/\r\n        width:100%;\r\n    }\r\n    #mapConElem_1_19243{\r\n        width:100%    }\r\n    <\/style><div class=\"ums_map_opts\" id=\"mapConElem_1_19243\" data-id=\"1\" data-view-id=\"1_19243\" > <div class=\"umsMapDetailsContainer\" id=\"umsMapDetailsContainer_1_19243\"> <i class=\"umsKMLLayersPreloader fa fa-spinner fa-spin\" aria-hidden=\"true\" style=\"display: none;\"><\/i> <div class=\"ums_MapPreview \" id=\"ultimate_maps_1_19243\"><\/div> <\/div> <div class=\"umsMapMarkerFilters\" id=\"umsMapMarkerFilters_1_19243\"> <\/div> <div class=\"umsMapProControlsCon\" id=\"umsMapProControlsCon_1_19243\"> <a title=\"WordPress Map Plugin\" style=\"display:none;\" href=\"https:\/\/supsystic.com\/plugins\/google-maps-plugin\/?utm_medium=love_link_hide\" target=\"_blank\">WordPress Map Plugin<\/a><div style=\"clear: both;\"><\/div> <\/div> <div class=\"umsMapProDirectionsCon\" id=\"umsMapProDirectionsCon_1_19243\" > <\/div> <div class=\"umsMapProKmlFilterCon\" id=\"umsMapProKmlFilterCon_1_19243\" > <\/div> <div class=\"umsSocialSharingShell umsSocialSharingShell_1_19243\"> <\/div> <div style=\"clear: both;\"><\/div> <\/div>\n<\/div><\/div>        <\/div>\n    <\/div>\n<\/section>\n","protected":false},"excerpt":{"rendered":"CONTACTAR CON NUESTRO BUFETE DE ABOGADOS Puedes escribirnos en noruego, sueco, dan\u00e9s, ingl\u00e9s, holand\u00e9s y espa\u00f1ol. \u00a0\u00a0\u00a0 Calle Manises, 18 \/\/ Urb. Alfaz del Sol, LOC-4 \/\/ 03580 L\u2019Alf\u00e0s del Pi - Alicante \u00a0\u00a0\u00a0 +34 965 855 950 \u00a0\u00a0\u00a0 info@ripollabogados.com Dinos qu\u00e9 informaci\u00f3n necesitas y te responderemos gratuitamente a tu primera consulta. Error: Formulario de","protected":false},"author":1,"featured_media":0,"parent":0,"menu_order":0,"comment_status":"closed","ping_status":"closed","template":"","meta":{"footnotes":""},"class_list":["post-28","page","type-page","status-publish","hentry"],"_links":{"self":[{"href":"https:\/\/ripollabogados.com\/es\/wp-json\/wp\/v2\/pages\/28","targetHints":{"allow":["GET"]}}],"collection":[{"href":"https:\/\/ripollabogados.com\/es\/wp-json\/wp\/v2\/pages"}],"about":[{"href":"https:\/\/ripollabogados.com\/es\/wp-json\/wp\/v2\/types\/page"}],"author":[{"embeddable":true,"href":"https:\/\/ripollabogados.com\/es\/wp-json\/wp\/v2\/users\/1"}],"replies":[{"embeddable":true,"href":"https:\/\/ripollabogados.com\/es\/wp-json\/wp\/v2\/comments?post=28"}],"version-history":[{"count":44,"href":"https:\/\/ripollabogados.com\/es\/wp-json\/wp\/v2\/pages\/28\/revisions"}],"predecessor-version":[{"id":1251,"href":"https:\/\/ripollabogados.com\/es\/wp-json\/wp\/v2\/pages\/28\/revisions\/1251"}],"wp:attachment":[{"href":"https:\/\/ripollabogados.com\/es\/wp-json\/wp\/v2\/media?parent=28"}],"curies":[{"name":"wp","href":"https:\/\/api.w.org\/{rel}","templated":true}]}}